{"id":244,"date":"2026-03-07T16:12:13","date_gmt":"2026-03-07T15:12:13","guid":{"rendered":"https:\/\/www.hofmatt.de\/?page_id=244"},"modified":"2026-03-07T16:15:33","modified_gmt":"2026-03-07T15:15:33","slug":"altschweier","status":"publish","type":"page","link":"https:\/\/www.hofmatt.de\/?page_id=244","title":{"rendered":"Altschweier"},"content":{"rendered":"\n<p><\/p>\n\n\n\n<p>Die Wohnung befindet sich im B\u00fchler Ortsteil Altschweier, in unmittelbarer N\u00e4he zur Kirche. Einkaufsm\u00f6glichkeiten sind gut erreichbar.<\/p>\n\n\n<style type=\"text\/css\">\n#foogallery-gallery-241 .fg-image { width: 540px; }\n#foogallery-gallery-241 { --fg-gutter: 10px; }<\/style>\n\t\t\t<div class=\"foogallery foogallery-container foogallery-default foogallery-lightbox-foogallery fg-center fg-default fg-ready fg-light fg-shadow-medium fg-loading-default fg-loaded-fade-in fg-preset fg-brad fg-preset-small fg-preset fg-brad fg-preset-small\" id=\"foogallery-gallery-241\" data-foogallery=\"{&quot;item&quot;:{&quot;showCaptionTitle&quot;:true,&quot;showCaptionDescription&quot;:true},&quot;lazy&quot;:true}\" data-foogallery-lightbox=\"{&quot;thumbs&quot;:&quot;bottom&quot;,&quot;thumbsCaptions&quot;:false,&quot;thumbsBestFit&quot;:false,&quot;thumbsSmall&quot;:false,&quot;thumbsCaptionsAlign&quot;:&quot;default&quot;,&quot;info&quot;:&quot;bottom&quot;,&quot;infoVisible&quot;:true,&quot;infoOverlay&quot;:true,&quot;infoAlign&quot;:&quot;default&quot;,&quot;transition&quot;:&quot;fade&quot;,&quot;hoverButtons&quot;:false,&quot;fitMedia&quot;:false,&quot;noScrollbars&quot;:true,&quot;preserveButtonSpace&quot;:true,&quot;buttons&quot;:{&quot;fullscreen&quot;:true,&quot;info&quot;:true,&quot;thumbs&quot;:false},&quot;video&quot;:{&quot;autoPlay&quot;:true}}\" style=\"--fg-title-line-clamp: 1; --fg-description-line-clamp: 2;\" >\n\t<div class=\"fg-item fg-type-image fg-idle\"><figure class=\"fg-item-inner\"><a href=\"https:\/\/www.hofmatt.de\/wp-content\/uploads\/2023\/08\/Uebersicht.jpg\" data-attachment-id=\"211\" data-type=\"image\" class=\"fg-thumb\"><span class=\"fg-image-wrap\"><img fetchpriority=\"high\" decoding=\"async\" width=\"540\" height=\"460\" class=\"skip-lazy fg-image\" data-src-fg=\"https:\/\/www.hofmatt.de\/wp-content\/uploads\/2023\/08\/Uebersicht.jpg\" src=\"data:image\/svg+xml,%3Csvg%20xmlns%3D%22http%3A%2F%2Fwww.w3.org%2F2000%2Fsvg%22%20width%3D%22540%22%20height%3D%22460%22%20viewBox%3D%220%200%20540%20460%22%3E%3C%2Fsvg%3E\" loading=\"eager\"><\/span><span class=\"fg-image-overlay\"><\/span><\/a><\/figure><div class=\"fg-loader\"><\/div><\/div><div class=\"fg-item fg-type-image fg-idle\"><figure class=\"fg-item-inner\"><a href=\"https:\/\/www.hofmatt.de\/wp-content\/uploads\/2023\/08\/Altschweier-scaled.jpg\" data-attachment-id=\"210\" data-type=\"image\" class=\"fg-thumb\"><span class=\"fg-image-wrap\"><img decoding=\"async\" width=\"540\" height=\"460\" class=\"skip-lazy fg-image\" data-src-fg=\"https:\/\/www.hofmatt.de\/wp-content\/uploads\/2023\/08\/Altschweier-scaled.jpg\" src=\"data:image\/svg+xml,%3Csvg%20xmlns%3D%22http%3A%2F%2Fwww.w3.org%2F2000%2Fsvg%22%20width%3D%22540%22%20height%3D%22460%22%20viewBox%3D%220%200%20540%20460%22%3E%3C%2Fsvg%3E\" loading=\"eager\"><\/span><span class=\"fg-image-overlay\"><\/span><\/a><\/figure><div class=\"fg-loader\"><\/div><\/div><\/div>\n\n\n\n\n<p><\/p>\n","protected":false},"excerpt":{"rendered":"<p>Die Wohnung befindet sich im B\u00fchler Ortsteil Altschweier, in unmittelbarer N\u00e4he zur Kirche. Einkaufsm\u00f6glichkeiten sind gut erreichbar.<\/p>\n","protected":false},"author":1,"featured_media":0,"parent":0,"menu_order":0,"comment_status":"closed","ping_status":"closed","template":"","meta":{"footnotes":""},"class_list":["post-244","page","type-page","status-publish","hentry","entry"],"_links":{"self":[{"href":"https:\/\/www.hofmatt.de\/index.php?rest_route=\/wp\/v2\/pages\/244","targetHints":{"allow":["GET"]}}],"collection":[{"href":"https:\/\/www.hofmatt.de\/index.php?rest_route=\/wp\/v2\/pages"}],"about":[{"href":"https:\/\/www.hofmatt.de\/index.php?rest_route=\/wp\/v2\/types\/page"}],"author":[{"embeddable":true,"href":"https:\/\/www.hofmatt.de\/index.php?rest_route=\/wp\/v2\/users\/1"}],"replies":[{"embeddable":true,"href":"https:\/\/www.hofmatt.de\/index.php?rest_route=%2Fwp%2Fv2%2Fcomments&post=244"}],"version-history":[{"count":2,"href":"https:\/\/www.hofmatt.de\/index.php?rest_route=\/wp\/v2\/pages\/244\/revisions"}],"predecessor-version":[{"id":247,"href":"https:\/\/www.hofmatt.de\/index.php?rest_route=\/wp\/v2\/pages\/244\/revisions\/247"}],"wp:attachment":[{"href":"https:\/\/www.hofmatt.de\/index.php?rest_route=%2Fwp%2Fv2%2Fmedia&parent=244"}],"curies":[{"name":"wp","href":"https:\/\/api.w.org\/{rel}","templated":true}]}}