{"id":49,"date":"2023-07-29T18:10:57","date_gmt":"2023-07-29T17:10:57","guid":{"rendered":"https:\/\/www.hofmatt.de\/?page_id=49"},"modified":"2023-08-03T19:32:35","modified_gmt":"2023-08-03T18:32:35","slug":"ausstattung","status":"publish","type":"page","link":"https:\/\/www.hofmatt.de\/?page_id=49","title":{"rendered":"Ausstattung"},"content":{"rendered":"\n<p>In der gesamten Wohnung ist WLAN verf\u00fcgbar.<br>Ein PKW-Stellplatz ist vorhanden und kostenlos nutzbar.<br>Eine Abstellm\u00f6glichkeit f\u00fcr ein Fahrrad kann nach Absprache zur Verf\u00fcgung gestellt werden.<br><br>Die Wohnung verf\u00fcgt nicht \u00fcber einen Balkon o.\u00e4. <br>Eine Gemeinschaftsterrasse kann nach Absprache genutzt werden.<\/p>\n\n\n\n<p><strong>Wohnzimmer:<\/strong><br>&#8211; Bett<br>&#8211; Nachttisch<br>&#8211; 2x Sessel und Hocker<br>&#8211; Kleiderschrank<br>&#8211; Kommode<br>&#8211; Fernseher (nur DVB-T und Streaming-Stick)<br><br><strong>K\u00fcche:<\/strong><br>&#8211; Backofen<br>&#8211; Elektroherd<br>&#8211; Sp\u00fclmaschine<br>&#8211; K\u00fchl- \/ Gefrierschrank<br>&#8211; Wasserkocher<br>&#8211; Kaffeemaschine<br>&#8211; Sp\u00fcle<br>&#8211; Toaster<br>&#8211; Kochgeschirr (Pfannen, T\u00f6pfe, etc.)<br>&#8211; Geschirr f\u00fcr mindestens 3 Personen<br>&#8211; Esstisch mit zwei St\u00fchlen<\/p>\n\n\n\n<p><strong>Hauswirtschaftsraum:<\/strong><br>&#8211; Waschmaschine<br>&#8211; Staubsauger<br>&#8211; Trockengestell f\u00fcr W\u00e4sche<br>&#8211; Reinigungsmittel und Zubeh\u00f6r<br><br><strong>Bad:<\/strong><br>&#8211; Badewanne<br>&#8211; Dusche<br>&#8211; WC<br><br><strong>Separates G\u00e4ste-WC<\/strong><\/p>\n\n\n\n<p><strong>Flur:<\/strong><br>&#8211; Garderobe<br>&#8211; Ablage f\u00fcr Schuhe<\/p>\n\n\n\n<p><\/p>\n\n\n\n<p><\/p>\n","protected":false},"excerpt":{"rendered":"<p>In der gesamten Wohnung ist WLAN verf\u00fcgbar.Ein PKW-Stellplatz ist vorhanden und kostenlos nutzbar.Eine Abstellm\u00f6glichkeit f\u00fcr ein Fahrrad kann nach Absprache zur Verf\u00fcgung gestellt werden. Die Wohnung verf\u00fcgt nicht \u00fcber einen&#8230;<\/p>\n","protected":false},"author":1,"featured_media":0,"parent":0,"menu_order":0,"comment_status":"closed","ping_status":"closed","template":"","meta":{"footnotes":""},"class_list":["post-49","page","type-page","status-publish","hentry","entry"],"_links":{"self":[{"href":"https:\/\/www.hofmatt.de\/index.php?rest_route=\/wp\/v2\/pages\/49","targetHints":{"allow":["GET"]}}],"collection":[{"href":"https:\/\/www.hofmatt.de\/index.php?rest_route=\/wp\/v2\/pages"}],"about":[{"href":"https:\/\/www.hofmatt.de\/index.php?rest_route=\/wp\/v2\/types\/page"}],"author":[{"embeddable":true,"href":"https:\/\/www.hofmatt.de\/index.php?rest_route=\/wp\/v2\/users\/1"}],"replies":[{"embeddable":true,"href":"https:\/\/www.hofmatt.de\/index.php?rest_route=%2Fwp%2Fv2%2Fcomments&post=49"}],"version-history":[{"count":5,"href":"https:\/\/www.hofmatt.de\/index.php?rest_route=\/wp\/v2\/pages\/49\/revisions"}],"predecessor-version":[{"id":213,"href":"https:\/\/www.hofmatt.de\/index.php?rest_route=\/wp\/v2\/pages\/49\/revisions\/213"}],"wp:attachment":[{"href":"https:\/\/www.hofmatt.de\/index.php?rest_route=%2Fwp%2Fv2%2Fmedia&parent=49"}],"curies":[{"name":"wp","href":"https:\/\/api.w.org\/{rel}","templated":true}]}}